{"id":1459,"date":"2024-08-20T16:57:13","date_gmt":"2024-08-20T19:57:13","guid":{"rendered":"https:\/\/marketsys.com.br\/?page_id=1459"},"modified":"2024-08-23T15:40:08","modified_gmt":"2024-08-23T18:40:08","slug":"nossos-produtos","status":"publish","type":"page","link":"https:\/\/marketsys.com.br\/?page_id=1459","title":{"rendered":"Nossos Produtos"},"content":{"rendered":"\t\t<div data-elementor-type=\"wp-page\" data-elementor-id=\"1459\" class=\"elementor elementor-1459\">\n\t\t\t\t<div class=\"elementor-element elementor-element-8888d3b e-flex e-con-boxed e-con e-parent\" data-id=\"8888d3b\" data-element_type=\"container\">\n\t\t\t\t\t<div class=\"e-con-inner\">\n\t\t\t\t<div class=\"elementor-element elementor-element-def35f4 elementor-widget elementor-widget-heading\" data-id=\"def35f4\" data-element_type=\"widget\" data-widget_type=\"heading.default\">\n\t\t\t\t<div class=\"elementor-widget-container\">\n\t\t\t<style>\/*! elementor - v3.23.0 - 05-08-2024 *\/\n.elementor-heading-title{padding:0;margin:0;line-height:1}.elementor-widget-heading .elementor-heading-title[class*=elementor-size-]>a{color:inherit;font-size:inherit;line-height:inherit}.elementor-widget-heading .elementor-heading-title.elementor-size-small{font-size:15px}.elementor-widget-heading .elementor-heading-title.elementor-size-medium{font-size:19px}.elementor-widget-heading .elementor-heading-title.elementor-size-large{font-size:29px}.elementor-widget-heading .elementor-heading-title.elementor-size-xl{font-size:39px}.elementor-widget-heading .elementor-heading-title.elementor-size-xxl{font-size:59px}<\/style><h2 class=\"elementor-heading-title elementor-size-default\">Nossos Produtos<\/h2>\t\t<\/div>\n\t\t\t\t<\/div>\n\t\t\t\t\t<\/div>\n\t\t\t\t<\/div>\n\t\t<div class=\"elementor-element elementor-element-bd21200 e-flex e-con-boxed e-con e-parent\" data-id=\"bd21200\" data-element_type=\"container\">\n\t\t\t\t\t<div class=\"e-con-inner\">\n\t\t<div class=\"elementor-element elementor-element-6bbd619 e-con-full e-flex e-con e-child\" data-id=\"6bbd619\" data-element_type=\"container\">\n\t\t<div class=\"elementor-element elementor-element-6227dde e-con-full ct-iconbox e-flex e-con e-child\" data-id=\"6227dde\" data-element_type=\"container\" data-settings=\"{&quot;background_background&quot;:&quot;classic&quot;}\">\n\t\t\t\t<div class=\"elementor-element elementor-element-4107577 elementor-widget elementor-widget-image\" data-id=\"4107577\" data-element_type=\"widget\" data-widget_type=\"image.default\">\n\t\t\t\t<div class=\"elementor-widget-container\">\n\t\t\t<style>\/*! elementor - v3.23.0 - 05-08-2024 *\/\n.elementor-widget-image{text-align:center}.elementor-widget-image a{display:inline-block}.elementor-widget-image a img[src$=\".svg\"]{width:48px}.elementor-widget-image img{vertical-align:middle;display:inline-block}<\/style>\t\t\t\t\t\t\t\t\t\t<img fetchpriority=\"high\" decoding=\"async\" width=\"735\" height=\"195\" src=\"https:\/\/marketsys.com.br\/wp-content\/uploads\/2024\/08\/logo-eps-arquivo-editavel-ai-crm.png\" class=\"attachment-large size-large wp-image-1546\" alt=\"\" srcset=\"https:\/\/marketsys.com.br\/wp-content\/uploads\/2024\/08\/logo-eps-arquivo-editavel-ai-crm.png 735w, https:\/\/marketsys.com.br\/wp-content\/uploads\/2024\/08\/logo-eps-arquivo-editavel-ai-crm-300x80.png 300w\" sizes=\"(max-width: 735px) 100vw, 735px\" \/>\t\t\t\t\t\t\t\t\t\t\t\t\t<\/div>\n\t\t\t\t<\/div>\n\t\t\t\t<div class=\"elementor-element elementor-element-4a87ad2 elementor-widget elementor-widget-icon-box\" data-id=\"4a87ad2\" data-element_type=\"widget\" data-widget_type=\"icon-box.default\">\n\t\t\t\t<div class=\"elementor-widget-container\">\n\t\t\t<link rel=\"stylesheet\" href=\"https:\/\/marketsys.com.br\/wp-content\/plugins\/elementor\/assets\/css\/widget-icon-box.min.css\">\t\t<div class=\"elementor-icon-box-wrapper\">\n\n\t\t\t\n\t\t\t\t\t\t<div class=\"elementor-icon-box-content\">\n\n\t\t\t\t\t\t\t\t\t<h4 class=\"elementor-icon-box-title\">\n\t\t\t\t\t\t<span  >\n\t\t\t\t\t\t\t Marketsys CRM\t\t\t\t\t\t<\/span>\n\t\t\t\t\t<\/h4>\n\t\t\t\t\n\t\t\t\t\t\t\t\t\t<p class=\"elementor-icon-box-description\">\n\t\t\t\t\t\tO atendimento ao cliente \u00e9 uma das fases mais importantes para a concretiza\u00e7\u00e3o de um neg\u00f3cio. Para ter uma vantagem competitiva \u00e9 necess\u00e1rio que o cliente seja bem atendido, e a utiliza\u00e7\u00e3o deste produto facilita o processo de atendimento em todas as etapas, pois \u00e9 uma ferramenta completa que deixam seus atendimentos mais r\u00e1pidos e eficazes tornando sua equipe ainda mais produtiva.\t\t\t\t\t<\/p>\n\t\t\t\t\n\t\t\t<\/div>\n\t\t\t\n\t\t<\/div>\n\t\t\t\t<\/div>\n\t\t\t\t<\/div>\n\t\t\t\t<div class=\"elementor-element elementor-element-73d941a elementor-tablet-align-center elementor-widget elementor-widget-button\" data-id=\"73d941a\" data-element_type=\"widget\" data-widget_type=\"button.default\">\n\t\t\t\t<div class=\"elementor-widget-container\">\n\t\t\t\t\t<div class=\"elementor-button-wrapper\">\n\t\t\t<a class=\"elementor-button elementor-button-link elementor-size-sm\" href=\"#\">\n\t\t\t\t\t\t<span class=\"elementor-button-content-wrapper\">\n\t\t\t\t\t\t<span class=\"elementor-button-icon\">\n\t\t\t\t<svg xmlns=\"http:\/\/www.w3.org\/2000\/svg\" viewBox=\"0 0 18 18\"><path d=\"M15 3.6c0-.4-.4-.6-.7-.6H4C2.7 3 2.7 5 4 5h7.6l-8.3 8.3c-.9 1 .6 2.4 1.5 1.3l8.3-8.2v7.5c0 1.4 1.9 1.4 1.9 0z\"><\/path><\/svg>\t\t\t<\/span>\n\t\t\t\t\t\t\t\t\t<span class=\"elementor-button-text\">Saiba mais<\/span>\n\t\t\t\t\t<\/span>\n\t\t\t\t\t<\/a>\n\t\t<\/div>\n\t\t\t\t<\/div>\n\t\t\t\t<\/div>\n\t\t\t\t<\/div>\n\t\t<div class=\"elementor-element elementor-element-18fd01d e-con-full ct-iconbox e-flex e-con e-child\" data-id=\"18fd01d\" data-element_type=\"container\" data-settings=\"{&quot;background_background&quot;:&quot;classic&quot;}\">\n\t\t\t\t<div class=\"elementor-element elementor-element-8f86e5e elementor-widget elementor-widget-image\" data-id=\"8f86e5e\" data-element_type=\"widget\" data-widget_type=\"image.default\">\n\t\t\t\t<div class=\"elementor-widget-container\">\n\t\t\t\t\t\t\t\t\t\t\t\t\t<img decoding=\"async\" width=\"735\" height=\"195\" src=\"https:\/\/marketsys.com.br\/wp-content\/uploads\/2024\/08\/logo-eps-arquivo-editavel-ai-adm.png\" class=\"attachment-large size-large wp-image-1547\" alt=\"\" srcset=\"https:\/\/marketsys.com.br\/wp-content\/uploads\/2024\/08\/logo-eps-arquivo-editavel-ai-adm.png 735w, https:\/\/marketsys.com.br\/wp-content\/uploads\/2024\/08\/logo-eps-arquivo-editavel-ai-adm-300x80.png 300w\" sizes=\"(max-width: 735px) 100vw, 735px\" \/>\t\t\t\t\t\t\t\t\t\t\t\t\t<\/div>\n\t\t\t\t<\/div>\n\t\t\t\t<div class=\"elementor-element elementor-element-ce6cccb elementor-widget elementor-widget-icon-box\" data-id=\"ce6cccb\" data-element_type=\"widget\" data-widget_type=\"icon-box.default\">\n\t\t\t\t<div class=\"elementor-widget-container\">\n\t\t\t\t\t<div class=\"elementor-icon-box-wrapper\">\n\n\t\t\t\n\t\t\t\t\t\t<div class=\"elementor-icon-box-content\">\n\n\t\t\t\t\t\t\t\t\t<h4 class=\"elementor-icon-box-title\">\n\t\t\t\t\t\t<span  >\n\t\t\t\t\t\t\tMarketsys ADM\t\t\t\t\t\t<\/span>\n\t\t\t\t\t<\/h4>\n\t\t\t\t\n\t\t\t\t\t\t\t\t\t<p class=\"elementor-icon-box-description\">\n\t\t\t\t\t\tEsse \u00e9 um sistema desenvolvido para administra\u00e7\u00e3o, para o setor financeiro e empresas que trabalham com cobran\u00e7as. Marketsys ADM possui uma interface completa e organizada, em que possibilita ao usu\u00e1rio, obter um relat\u00f3rio financeiro detalhado, al\u00e9m de uma an\u00e1lise de campanhas financeiras e de per\u00edodo de campanha, detalhes de devedores e atendimento, filtro por titulos, etc.\t\t\t\t\t<\/p>\n\t\t\t\t\n\t\t\t<\/div>\n\t\t\t\n\t\t<\/div>\n\t\t\t\t<\/div>\n\t\t\t\t<\/div>\n\t\t\t\t<div class=\"elementor-element elementor-element-9901cb3 elementor-tablet-align-center elementor-widget elementor-widget-button\" data-id=\"9901cb3\" data-element_type=\"widget\" data-widget_type=\"button.default\">\n\t\t\t\t<div class=\"elementor-widget-container\">\n\t\t\t\t\t<div class=\"elementor-button-wrapper\">\n\t\t\t<a class=\"elementor-button elementor-button-link elementor-size-sm\" href=\"#\">\n\t\t\t\t\t\t<span class=\"elementor-button-content-wrapper\">\n\t\t\t\t\t\t<span class=\"elementor-button-icon\">\n\t\t\t\t<svg xmlns=\"http:\/\/www.w3.org\/2000\/svg\" viewBox=\"0 0 18 18\"><path d=\"M15 3.6c0-.4-.4-.6-.7-.6H4C2.7 3 2.7 5 4 5h7.6l-8.3 8.3c-.9 1 .6 2.4 1.5 1.3l8.3-8.2v7.5c0 1.4 1.9 1.4 1.9 0z\"><\/path><\/svg>\t\t\t<\/span>\n\t\t\t\t\t\t\t\t\t<span class=\"elementor-button-text\">Saiba mais<\/span>\n\t\t\t\t\t<\/span>\n\t\t\t\t\t<\/a>\n\t\t<\/div>\n\t\t\t\t<\/div>\n\t\t\t\t<\/div>\n\t\t\t\t<\/div>\n\t\t\t\t<\/div>\n\t\t\t\t\t<\/div>\n\t\t\t\t<\/div>\n\t\t\t\t<\/div>\n\t\t","protected":false},"excerpt":{"rendered":"<p>Nossos Produtos Marketsys CRM O atendimento ao cliente \u00e9 uma das fases mais importantes para a concretiza\u00e7\u00e3o de um neg\u00f3cio. Para ter uma vantagem competitiva \u00e9 necess\u00e1rio que o cliente seja bem atendido, e a utiliza\u00e7\u00e3o deste produto facilita o processo de atendimento em todas as etapas, pois \u00e9 uma ferramenta completa que deixam seus [&hellip;]<\/p>\n","protected":false},"author":1,"featured_media":0,"parent":0,"menu_order":0,"comment_status":"closed","ping_status":"closed","template":"","meta":{"content-type":"","footnotes":""},"class_list":["post-1459","page","type-page","status-publish","hentry"],"blocksy_meta":[],"_links":{"self":[{"href":"https:\/\/marketsys.com.br\/index.php?rest_route=\/wp\/v2\/pages\/1459"}],"collection":[{"href":"https:\/\/marketsys.com.br\/index.php?rest_route=\/wp\/v2\/pages"}],"about":[{"href":"https:\/\/marketsys.com.br\/index.php?rest_route=\/wp\/v2\/types\/page"}],"author":[{"embeddable":true,"href":"https:\/\/marketsys.com.br\/index.php?rest_route=\/wp\/v2\/users\/1"}],"replies":[{"embeddable":true,"href":"https:\/\/marketsys.com.br\/index.php?rest_route=%2Fwp%2Fv2%2Fcomments&post=1459"}],"version-history":[{"count":20,"href":"https:\/\/marketsys.com.br\/index.php?rest_route=\/wp\/v2\/pages\/1459\/revisions"}],"predecessor-version":[{"id":1605,"href":"https:\/\/marketsys.com.br\/index.php?rest_route=\/wp\/v2\/pages\/1459\/revisions\/1605"}],"wp:attachment":[{"href":"https:\/\/marketsys.com.br\/index.php?rest_route=%2Fwp%2Fv2%2Fmedia&parent=1459"}],"curies":[{"name":"wp","href":"https:\/\/api.w.org\/{rel}","templated":true}]}}